{"id":26,"date":"2024-11-21T20:22:55","date_gmt":"2024-11-21T20:22:55","guid":{"rendered":"https:\/\/buyregisteredpassport.com\/?page_id=26"},"modified":"2026-04-22T15:47:03","modified_gmt":"2026-04-22T15:47:03","slug":"wie-man-bestellt","status":"publish","type":"page","link":"https:\/\/buyregisteredpassport.com\/de\/how-to-order\/","title":{"rendered":"Wie man bestellt"},"content":{"rendered":"<div data-elementor-type=\"wp-page\" data-elementor-id=\"26\" class=\"elementor elementor-26\">\n\t\t\t\t<div class=\"elementor-element elementor-element-b6a075d e-flex e-con-boxed e-con e-parent\" data-id=\"b6a075d\" data-element_type=\"container\" data-e-type=\"container\" data-settings=\"{&quot;background_background&quot;:&quot;classic&quot;}\">\n\t\t\t\t\t<div class=\"e-con-inner\">\n\t\t<div class=\"elementor-element elementor-element-297e4ad e-con-full e-flex e-con e-child\" data-id=\"297e4ad\" data-element_type=\"container\" data-e-type=\"container\">\n\t\t\t\t<div class=\"elementor-element elementor-element-03ce7f3 elementor-invisible elementor-widget elementor-widget-heading\" data-id=\"03ce7f3\" data-element_type=\"widget\" data-e-type=\"widget\" data-settings=\"{&quot;_animation&quot;:&quot;slideInUp&quot;}\" data-widget_type=\"heading.default\">\n\t\t\t\t<div class=\"elementor-widget-container\">\n\t\t\t\t\t<div id=\"ez-toc-container\" class=\"ez-toc-v2_0_82_2 counter-hierarchy ez-toc-counter ez-toc-grey ez-toc-container-direction\">\n<div class=\"ez-toc-title-container\">\n<p class=\"ez-toc-title\" style=\"cursor:inherit\">Inhalts\u00fcbersicht<\/p>\n<span class=\"ez-toc-title-toggle\"><a href=\"#\" class=\"ez-toc-pull-right ez-toc-btn ez-toc-btn-xs ez-toc-btn-default ez-toc-toggle\" aria-label=\"Toggle Table of Content\"><span class=\"ez-toc-js-icon-con\"><span class=\"\"><span class=\"eztoc-hide\" style=\"display:none;\">Umschalten auf<\/span><span class=\"ez-toc-icon-toggle-span\"><svg style=\"fill: #999;color:#999\" xmlns=\"http:\/\/www.w3.org\/2000\/svg\" class=\"list-377408\" width=\"20px\" height=\"20px\" viewbox=\"0 0 24 24\" fill=\"none\"><path d=\"M6 6H4v2h2V6zm14 0H8v2h12V6zM4 11h2v2H4v-2zm16 0H8v2h12v-2zM4 16h2v2H4v-2zm16 0H8v2h12v-2z\" fill=\"currentColor\"><\/path><\/svg><svg style=\"fill: #999;color:#999\" class=\"arrow-unsorted-368013\" xmlns=\"http:\/\/www.w3.org\/2000\/svg\" width=\"10px\" height=\"10px\" viewbox=\"0 0 24 24\" version=\"1.2\" baseprofile=\"tiny\"><path d=\"M18.2 9.3l-6.2-6.3-6.2 6.3c-.2.2-.3.4-.3.7s.1.5.3.7c.2.2.4.3.7.3h11c.3 0 .5-.1.7-.3.2-.2.3-.5.3-.7s-.1-.5-.3-.7zM5.8 14.7l6.2 6.3 6.2-6.3c.2-.2.3-.5.3-.7s-.1-.5-.3-.7c-.2-.2-.4-.3-.7-.3h-11c-.3 0-.5.1-.7.3-.2.2-.3.5-.3.7s.1.5.3.7z\"\/><\/svg><\/span><\/span><\/span><\/a><\/span><\/div>\n<nav><ul class='ez-toc-list ez-toc-list-level-1' ><li class='ez-toc-page-1 ez-toc-heading-level-2'><a class=\"ez-toc-link ez-toc-heading-1\" href=\"https:\/\/buyregisteredpassport.com\/de\/how-to-order\/#How_to_order\" >Wie man bestellt<\/a><\/li><li class='ez-toc-page-1 ez-toc-heading-level-2'><a class=\"ez-toc-link ez-toc-heading-2\" href=\"https:\/\/buyregisteredpassport.com\/de\/how-to-order\/#Via_the_Contact_us_form\" >\u00dcber das Formular Kontakt<\/a><\/li><li class='ez-toc-page-1 ez-toc-heading-level-2'><a class=\"ez-toc-link ez-toc-heading-3\" href=\"https:\/\/buyregisteredpassport.com\/de\/how-to-order\/#Via_the_WhatsApp_button\" >\u00dcber die WhatsApp-Taste<\/a><\/li><li class='ez-toc-page-1 ez-toc-heading-level-2'><a class=\"ez-toc-link ez-toc-heading-4\" href=\"https:\/\/buyregisteredpassport.com\/de\/how-to-order\/#Via_Application_form\" >\u00dcber das Antragsformular<\/a><\/li><li class='ez-toc-page-1 ez-toc-heading-level-2'><a class=\"ez-toc-link ez-toc-heading-5\" href=\"https:\/\/buyregisteredpassport.com\/de\/how-to-order\/#Search\" >Suche<\/a><\/li><li class='ez-toc-page-1 ez-toc-heading-level-2'><a class=\"ez-toc-link ez-toc-heading-6\" href=\"https:\/\/buyregisteredpassport.com\/de\/how-to-order\/#Our_Products\" >Unsere Produkte<\/a><\/li><li class='ez-toc-page-1 ez-toc-heading-level-2'><a class=\"ez-toc-link ez-toc-heading-7\" href=\"https:\/\/buyregisteredpassport.com\/de\/how-to-order\/#Archives\" >Archiv<\/a><\/li><\/ul><\/nav><\/div>\n<h2 class=\"elementor-heading-title elementor-size-default\"><span class=\"ez-toc-section\" id=\"How_to_order\"><\/span>\nWie man bestellt<span class=\"ez-toc-section-end\"><\/span><\/h2>\t\t\t\t<\/div>\n\t\t\t\t<\/div>\n\t\t\t\t<\/div>\n\t\t<div class=\"elementor-element elementor-element-814fe75 e-con-full e-flex e-con e-child\" data-id=\"814fe75\" data-element_type=\"container\" data-e-type=\"container\">\n\t\t\t\t<div class=\"elementor-element elementor-element-ea1c598 elementor-invisible elementor-widget elementor-widget-hfe-breadcrumbs-widget\" data-id=\"ea1c598\" data-element_type=\"widget\" data-e-type=\"widget\" data-settings=\"{&quot;_animation&quot;:&quot;fadeInUp&quot;}\" data-widget_type=\"hfe-breadcrumbs-widget.default\">\n\t\t\t\t<div class=\"elementor-widget-container\">\n\t\t\t\t\t<nav aria-label=\"Brotkr\u00fcmel\"><ul class=\"hfe-breadcrumbs hfe-breadcrumbs-show-home\"><li class=\"hfe-breadcrumbs-item hfe-breadcrumbs-first\"><span class=\"hfe-breadcrumbs-home-icon\"><\/span><a href=\"https:\/\/buyregisteredpassport.com\/de\"><span class=\"hfe-breadcrumbs-text\">Startseite<\/span><\/a><\/li><\/ul><\/nav>\t\t\t\t<\/div>\n\t\t\t\t<\/div>\n\t\t\t\t<\/div>\n\t\t\t\t\t<\/div>\n\t\t\t\t<\/div>\n\t\t<div class=\"elementor-element elementor-element-21e6892 e-flex e-con-boxed e-con e-parent\" data-id=\"21e6892\" data-element_type=\"container\" data-e-type=\"container\" data-settings=\"{&quot;background_background&quot;:&quot;classic&quot;}\">\n\t\t\t\t\t<div class=\"e-con-inner\">\n\t\t<div class=\"elementor-element elementor-element-74c832c e-con-full e-flex elementor-invisible e-con e-child\" data-id=\"74c832c\" data-element_type=\"container\" data-e-type=\"container\" data-settings=\"{&quot;background_background&quot;:&quot;classic&quot;,&quot;animation&quot;:&quot;fadeInUp&quot;}\">\n\t\t\t\t<div class=\"elementor-element elementor-element-207541f elementor-widget elementor-widget-heading\" data-id=\"207541f\" data-element_type=\"widget\" data-e-type=\"widget\" data-widget_type=\"heading.default\">\n\t\t\t\t<div class=\"elementor-widget-container\">\n\t\t\t\t\t<h2 class=\"elementor-heading-title elementor-size-default\"><span class=\"ez-toc-section\" id=\"Via_the_Contact_us_form\"><\/span>\u00dcber das Formular Kontakt<span class=\"ez-toc-section-end\"><\/span><\/h2>\t\t\t\t<\/div>\n\t\t\t\t<\/div>\n\t\t\t\t<div class=\"elementor-element elementor-element-80d2ea5 elementor-widget elementor-widget-text-editor\" data-id=\"80d2ea5\" data-element_type=\"widget\" data-e-type=\"widget\" data-widget_type=\"text-editor.default\">\n\t\t\t\t<div class=\"elementor-widget-container\">\n\t\t\t\t\t\t\t\t\t<p>Der einfachste und zuverl\u00e4ssigste Weg, ein Dokument von unserer Website zu bestellen, ist die Kontaktaufnahme mit einem Vertreter \u00fcber die <a href=\"https:\/\/buyregisteredpassport.com\/de\/kontaktieren-sie-uns\/\">Kontakt<\/a> Wenn Sie sich an einen Agenten wenden, werden Sie zu den Spezifikationen befragt und erhalten eine prompte Antwort. Wir haben ein sehr freundliches und hilfsbereites Kundenserviceteam, das Ihnen erkl\u00e4rt, wie Sie \u00fcber diese Website Dokumente kaufen k\u00f6nnen.<a href=\"https:\/\/duckduckgo.com\/\" target=\"_blank\" rel=\"noopener\">.<\/a><\/p>\t\t\t\t\t\t\t\t<\/div>\n\t\t\t\t<\/div>\n\t\t\t\t<div class=\"elementor-element elementor-element-b2af90f elementor-widget elementor-widget-heading\" data-id=\"b2af90f\" data-element_type=\"widget\" data-e-type=\"widget\" data-widget_type=\"heading.default\">\n\t\t\t\t<div class=\"elementor-widget-container\">\n\t\t\t\t\t<h2 class=\"elementor-heading-title elementor-size-default\"><span class=\"ez-toc-section\" id=\"Via_the_WhatsApp_button\"><\/span>\u00dcber die WhatsApp-Taste<span class=\"ez-toc-section-end\"><\/span><\/h2>\t\t\t\t<\/div>\n\t\t\t\t<\/div>\n\t\t\t\t<div class=\"elementor-element elementor-element-5e54900 elementor-widget elementor-widget-text-editor\" data-id=\"5e54900\" data-element_type=\"widget\" data-e-type=\"widget\" data-widget_type=\"text-editor.default\">\n\t\t\t\t<div class=\"elementor-widget-container\">\n\t\t\t\t\t\t\t\t\t<p>F\u00fcr schnelle und dringende Antworten k\u00f6nnen Sie unsere WhatsApp-Agenten kontaktieren. Dort erhalten Sie eine schnellere Antwort und Ihr Problem wird schneller gel\u00f6st.\u00a0<\/p><p><img decoding=\"async\" class=\"wp-image-3513 aligncenter lazyload\" data-src=\"https:\/\/buyregisteredpassport.com\/wp-content\/uploads\/2024\/12\/placeholder-1-300x200.png\" alt=\"Wie man bestellt\" width=\"60\" height=\"40\" data-srcset=\"https:\/\/buyregisteredpassport.com\/wp-content\/uploads\/2024\/12\/placeholder-1-300x200.png 300w, https:\/\/buyregisteredpassport.com\/wp-content\/uploads\/2024\/12\/placeholder-1-1024x683.png 1024w, https:\/\/buyregisteredpassport.com\/wp-content\/uploads\/2024\/12\/placeholder-1-768x512.png 768w, https:\/\/buyregisteredpassport.com\/wp-content\/uploads\/2024\/12\/placeholder-1-1000x667.png 1000w, https:\/\/buyregisteredpassport.com\/wp-content\/uploads\/2024\/12\/placeholder-1-230x153.png 230w, https:\/\/buyregisteredpassport.com\/wp-content\/uploads\/2024\/12\/placeholder-1-350x233.png 350w, https:\/\/buyregisteredpassport.com\/wp-content\/uploads\/2024\/12\/placeholder-1-480x320.png 480w, https:\/\/buyregisteredpassport.com\/wp-content\/uploads\/2024\/12\/placeholder-1.png 1200w\" data-sizes=\"(max-width: 60px) 100vw, 60px\" src=\"data:image\/svg+xml;base64,PHN2ZyB3aWR0aD0iMSIgaGVpZ2h0PSIxIiB4bWxucz0iaHR0cDovL3d3dy53My5vcmcvMjAwMC9zdmciPjwvc3ZnPg==\" style=\"--smush-placeholder-width: 60px; --smush-placeholder-aspect-ratio: 60\/40;\" \/><\/p>\t\t\t\t\t\t\t\t<\/div>\n\t\t\t\t<\/div>\n\t\t\t\t<div class=\"elementor-element elementor-element-29c6198 elementor-widget elementor-widget-heading\" data-id=\"29c6198\" data-element_type=\"widget\" data-e-type=\"widget\" data-widget_type=\"heading.default\">\n\t\t\t\t<div class=\"elementor-widget-container\">\n\t\t\t\t\t<h2 class=\"elementor-heading-title elementor-size-default\"><span class=\"ez-toc-section\" id=\"Via_Application_form\"><\/span>\u00dcber das Antragsformular<span class=\"ez-toc-section-end\"><\/span><\/h2>\t\t\t\t<\/div>\n\t\t\t\t<\/div>\n\t\t\t\t<div class=\"elementor-element elementor-element-f4e3d10 elementor-widget elementor-widget-text-editor\" data-id=\"f4e3d10\" data-element_type=\"widget\" data-e-type=\"widget\" data-widget_type=\"text-editor.default\">\n\t\t\t\t<div class=\"elementor-widget-container\">\n\t\t\t\t\t\t\t\t\t<p>Wenn Sie genau wissen, was Sie suchen, brauchen Sie sich nicht an einen Agenten zu wenden. Sie k\u00f6nnen Ihr Dokument direkt bestellen, indem Sie entweder das Antragsformular f\u00fcr den F\u00fchrerschein oder das Antragsformular f\u00fcr den Reisepass ausf\u00fcllen und alle Ihre Angaben machen. Geben Sie Ihr neues Pfand ein.<\/p><form id=\"wpforms-form-72\" action=\"https:\/\/realpassports.com\/wp-admin\/admin-ajax.php\" enctype=\"multipart\/form-data\" method=\"post\" data-formid=\"72\" data-token=\"50746059d4e183f547720e3052838430\">Kontaktieren Sie uns jetzt, um das Antragsformular zu erhalten.<\/form>\t\t\t\t\t\t\t\t<\/div>\n\t\t\t\t<\/div>\n\t\t\t\t<\/div>\n\t\t<div class=\"elementor-element elementor-element-3e47465 e-con-full e-flex elementor-invisible e-con e-child\" data-id=\"3e47465\" data-element_type=\"container\" data-e-type=\"container\" data-settings=\"{&quot;animation&quot;:&quot;fadeInUp&quot;}\">\n\t\t<div class=\"elementor-element elementor-element-81cd250 e-con-full e-flex e-con e-child\" data-id=\"81cd250\" data-element_type=\"container\" data-e-type=\"container\">\n\t\t<div class=\"elementor-element elementor-element-3f6b350 e-con-full e-flex e-con e-child\" data-id=\"3f6b350\" data-element_type=\"container\" data-e-type=\"container\">\n\t\t\t\t<\/div>\n\t\t<div class=\"elementor-element elementor-element-682fcda e-con-full e-flex e-con e-child\" data-id=\"682fcda\" data-element_type=\"container\" data-e-type=\"container\">\n\t\t\t\t<div class=\"elementor-element elementor-element-34efa4c elementor-widget elementor-widget-heading\" data-id=\"34efa4c\" data-element_type=\"widget\" data-e-type=\"widget\" data-widget_type=\"heading.default\">\n\t\t\t\t<div class=\"elementor-widget-container\">\n\t\t\t\t\t<h2 class=\"elementor-heading-title elementor-size-default\"><span class=\"ez-toc-section\" id=\"Search\"><\/span>Suche<span class=\"ez-toc-section-end\"><\/span><\/h2>\t\t\t\t<\/div>\n\t\t\t\t<\/div>\n\t\t\t\t<\/div>\n\t\t\t\t<\/div>\n\t\t<div class=\"elementor-element elementor-element-eaffc76 e-con-full e-flex e-con e-child\" data-id=\"eaffc76\" data-element_type=\"container\" data-e-type=\"container\" data-settings=\"{&quot;background_background&quot;:&quot;classic&quot;}\">\n\t\t<div class=\"elementor-element elementor-element-0a7625a e-con-full e-flex e-con e-child\" data-id=\"0a7625a\" data-element_type=\"container\" data-e-type=\"container\" data-settings=\"{&quot;background_background&quot;:&quot;classic&quot;}\">\n\t\t\t\t<div class=\"elementor-element elementor-element-0aba9fd elementor-widget-tablet__width-initial elementor-widget__width-initial elementor-widget elementor-widget-search\" data-id=\"0aba9fd\" data-element_type=\"widget\" data-e-type=\"widget\" data-widget_type=\"search.default\">\n\t\t\t\t<div class=\"elementor-widget-container\">\n\t\t\t\t\t \t\t\t\t<\/div>\n\t\t\t\t<\/div>\n\t\t\t\t<\/div>\n\t\t\t\t<\/div>\n\t\t<div class=\"elementor-element elementor-element-c9748b9 e-con-full e-flex e-con e-child\" data-id=\"c9748b9\" data-element_type=\"container\" data-e-type=\"container\">\n\t\t<div class=\"elementor-element elementor-element-9327fca e-con-full e-flex e-con e-child\" data-id=\"9327fca\" data-element_type=\"container\" data-e-type=\"container\">\n\t\t\t\t<\/div>\n\t\t<div class=\"elementor-element elementor-element-2b1a12e e-con-full e-flex e-con e-child\" data-id=\"2b1a12e\" data-element_type=\"container\" data-e-type=\"container\">\n\t\t\t\t<div class=\"elementor-element elementor-element-a105e43 elementor-widget elementor-widget-heading\" data-id=\"a105e43\" data-element_type=\"widget\" data-e-type=\"widget\" data-widget_type=\"heading.default\">\n\t\t\t\t<div class=\"elementor-widget-container\">\n\t\t\t\t\t<h2 class=\"elementor-heading-title elementor-size-default\"><span class=\"ez-toc-section\" id=\"Our_Products\"><\/span>Unsere Produkte<span class=\"ez-toc-section-end\"><\/span><\/h2>\t\t\t\t<\/div>\n\t\t\t\t<\/div>\n\t\t\t\t<\/div>\n\t\t\t\t<\/div>\n\t\t<div class=\"elementor-element elementor-element-81efec1 e-con-full e-flex e-con e-child\" data-id=\"81efec1\" data-element_type=\"container\" data-e-type=\"container\" data-settings=\"{&quot;background_background&quot;:&quot;classic&quot;}\">\n\t\t<div class=\"elementor-element elementor-element-07c7b04 e-con-full e-flex e-con e-child\" data-id=\"07c7b04\" data-element_type=\"container\" data-e-type=\"container\">\n\t\t\t\t<div class=\"elementor-element elementor-element-43488d8 elementor-widget elementor-widget-posts\" data-id=\"43488d8\" data-element_type=\"widget\" data-e-type=\"widget\" data-widget_type=\"posts.default\">\n\t\t\t\t<div class=\"elementor-widget-container\">\n\t\t\t\t\t \t\t\t\t<\/div>\n\t\t\t\t<\/div>\n\t\t\t\t<\/div>\n\t\t\t\t<\/div>\n\t\t<div class=\"elementor-element elementor-element-01105af e-con-full e-flex elementor-invisible e-con e-child\" data-id=\"01105af\" data-element_type=\"container\" data-e-type=\"container\" data-settings=\"{&quot;animation&quot;:&quot;fadeInUp&quot;}\">\n\t\t<div class=\"elementor-element elementor-element-d2fd67e e-con-full e-flex e-con e-child\" data-id=\"d2fd67e\" data-element_type=\"container\" data-e-type=\"container\">\n\t\t\t\t<\/div>\n\t\t<div class=\"elementor-element elementor-element-6c69a77 e-con-full e-flex e-con e-child\" data-id=\"6c69a77\" data-element_type=\"container\" data-e-type=\"container\">\n\t\t\t\t<div class=\"elementor-element elementor-element-3e919b0 elementor-widget elementor-widget-heading\" data-id=\"3e919b0\" data-element_type=\"widget\" data-e-type=\"widget\" data-widget_type=\"heading.default\">\n\t\t\t\t<div class=\"elementor-widget-container\">\n\t\t\t\t\t<h2 class=\"elementor-heading-title elementor-size-default\"><span class=\"ez-toc-section\" id=\"Archives\"><\/span>Archiv<span class=\"ez-toc-section-end\"><\/span><\/h2>\t\t\t\t<\/div>\n\t\t\t\t<\/div>\n\t\t\t\t<\/div>\n\t\t\t\t<\/div>\n\t\t<div class=\"elementor-element elementor-element-40b7d22 e-con-full e-flex e-con e-child\" data-id=\"40b7d22\" data-element_type=\"container\" data-e-type=\"container\" data-settings=\"{&quot;background_background&quot;:&quot;classic&quot;}\">\n\t\t<div class=\"elementor-element elementor-element-4fdd066 e-con-full e-flex elementor-invisible e-con e-child\" data-id=\"4fdd066\" data-element_type=\"container\" data-e-type=\"container\" data-settings=\"{&quot;animation&quot;:&quot;fadeInUp&quot;}\">\n\t\t\t\t<div class=\"elementor-element elementor-element-11763c3 elementor-widget elementor-widget-sidebar\" data-id=\"11763c3\" data-element_type=\"widget\" data-e-type=\"widget\" data-widget_type=\"sidebar.default\">\n\t\t\t\t<div class=\"elementor-widget-container\">\n\t\t\t\t\t<aside id=\"block-5\" class=\"widget widget_block\">\n<div class=\"wp-block-group is-layout-flow wp-block-group-is-layout-flow\"><ul class=\"wp-block-archives-list wp-block-archives has-medium-font-size\">\t<li><a href=\"https:\/\/buyregisteredpassport.com\/de\/2024\/12\/\">Dezember 2024<\/a><\/li>\n\t<li><a href=\"https:\/\/buyregisteredpassport.com\/de\/2024\/11\/\">November 2024<\/a><\/li>\n<\/ul><\/div>\n<\/aside>\t\t\t\t<\/div>\n\t\t\t\t<\/div>\n\t\t\t\t<\/div>\n\t\t\t\t<\/div>\n\t\t\t\t<\/div>\n\t\t\t\t\t<\/div>\n\t\t\t\t<\/div>\n\t\t\t\t<\/div>","protected":false},"excerpt":{"rendered":"<p>How to order Home Via the Contact us form the most easy and reliable way to Order a document from our website [&hellip;]<\/p>\n","protected":false},"author":2,"featured_media":0,"parent":0,"menu_order":0,"comment_status":"closed","ping_status":"closed","template":"elementor_header_footer","meta":{"footnotes":""},"class_list":["post-26","page","type-page","status-publish","hentry"],"_links":{"self":[{"href":"https:\/\/buyregisteredpassport.com\/de\/wp-json\/wp\/v2\/pages\/26","targetHints":{"allow":["GET"]}}],"collection":[{"href":"https:\/\/buyregisteredpassport.com\/de\/wp-json\/wp\/v2\/pages"}],"about":[{"href":"https:\/\/buyregisteredpassport.com\/de\/wp-json\/wp\/v2\/types\/page"}],"author":[{"embeddable":true,"href":"https:\/\/buyregisteredpassport.com\/de\/wp-json\/wp\/v2\/users\/2"}],"replies":[{"embeddable":true,"href":"https:\/\/buyregisteredpassport.com\/de\/wp-json\/wp\/v2\/comments?post=26"}],"version-history":[{"count":3,"href":"https:\/\/buyregisteredpassport.com\/de\/wp-json\/wp\/v2\/pages\/26\/revisions"}],"predecessor-version":[{"id":5947,"href":"https:\/\/buyregisteredpassport.com\/de\/wp-json\/wp\/v2\/pages\/26\/revisions\/5947"}],"wp:attachment":[{"href":"https:\/\/buyregisteredpassport.com\/de\/wp-json\/wp\/v2\/media?parent=26"}],"curies":[{"name":"wp","href":"https:\/\/api.w.org\/{rel}","templated":true}]}}